{"id":56,"date":"2020-09-30T11:49:21","date_gmt":"2020-09-30T11:49:21","guid":{"rendered":"http:\/\/reitanlage-zur-alten-saege.de\/?page_id=56"},"modified":"2020-09-30T12:08:40","modified_gmt":"2020-09-30T12:08:40","slug":"news","status":"publish","type":"page","link":"http:\/\/reitanlage-zur-alten-saege.de\/?page_id=56","title":{"rendered":"News"},"content":{"rendered":"\n<h2>Springlehrgang mit Marc Bauhofer<\/h2>\n\n\n\n<p>am 16.01.2021 um 12:00 \u2013 17.01.2021 um 15:00<br>Wo? Reitanlage zur Alten S\u00e4ge, Glassenhart 5, 89278 Stra\u00df<br>Wann? Samstag den, 16.01.2021 &amp; Sonntag den, 17.01.2021<br>Anmeldung und Organisation:<br>Kirstin Boysen 0152\/08637283, Facebook-Privatnachricht, WhatsApp oder SMS\/Anruf<br>Verbindliche Zusage bis sp\u00e4testens 27.12.2020!<br>Pl\u00e4tze Vergabe geht nach eingehen der Anmeldung. (Intern wird bevorzugt) Anmeldungen ab 27.12 sind verbindlich d.h. die Lehrgangsgeb\u00fchren m\u00fcssen beglichen werden. Bei Ausfall greift die Warteliste. Sind keine Reiter auf der Warteliste, muss selbst f\u00fcr Ersatz gesorgt werden.<br>Kosten belaufen sich auf 65,00 Euro Unterricht (zzgl. 10,-\u20ac Anlagennutzungsgeb\u00fchr pro Tag)<br><\/p>\n","protected":false},"excerpt":{"rendered":"<p>Springlehrgang mit Marc Bauhofer am 16.01.2021 um 12:00 \u2013 17.01.2021 um 15:00Wo? Reitanlage zur Alten S\u00e4ge, Glassenhart 5, 89278 Stra\u00dfWann? Samstag den, 16.01.2021 &amp; Sonntag den, 17.01.2021Anmeldung und Organisation:Kirstin Boysen 0152\/08637283, Facebook-Privatnachricht, WhatsApp oder SMS\/AnrufVerbindliche Zusage bis sp\u00e4testens 27.12.2020!Pl\u00e4tze Vergabe geht nach eingehen der Anmeldung. (Intern wird bevorzugt) Anmeldungen ab 27.12 sind verbindlich d.h. die &hellip; <a href=\"http:\/\/reitanlage-zur-alten-saege.de\/?page_id=56\" class=\"more-link\"><span class=\"screen-reader-text\">News<\/span> weiterlesen<\/a><\/p>\n","protected":false},"author":1,"featured_media":33,"parent":0,"menu_order":0,"comment_status":"closed","ping_status":"closed","template":"","meta":[],"_links":{"self":[{"href":"http:\/\/reitanlage-zur-alten-saege.de\/index.php?rest_route=\/wp\/v2\/pages\/56"}],"collection":[{"href":"http:\/\/reitanlage-zur-alten-saege.de\/index.php?rest_route=\/wp\/v2\/pages"}],"about":[{"href":"http:\/\/reitanlage-zur-alten-saege.de\/index.php?rest_route=\/wp\/v2\/types\/page"}],"author":[{"embeddable":true,"href":"http:\/\/reitanlage-zur-alten-saege.de\/index.php?rest_route=\/wp\/v2\/users\/1"}],"replies":[{"embeddable":true,"href":"http:\/\/reitanlage-zur-alten-saege.de\/index.php?rest_route=%2Fwp%2Fv2%2Fcomments&post=56"}],"version-history":[{"count":3,"href":"http:\/\/reitanlage-zur-alten-saege.de\/index.php?rest_route=\/wp\/v2\/pages\/56\/revisions"}],"predecessor-version":[{"id":66,"href":"http:\/\/reitanlage-zur-alten-saege.de\/index.php?rest_route=\/wp\/v2\/pages\/56\/revisions\/66"}],"wp:featuredmedia":[{"embeddable":true,"href":"http:\/\/reitanlage-zur-alten-saege.de\/index.php?rest_route=\/wp\/v2\/media\/33"}],"wp:attachment":[{"href":"http:\/\/reitanlage-zur-alten-saege.de\/index.php?rest_route=%2Fwp%2Fv2%2Fmedia&parent=56"}],"curies":[{"name":"wp","href":"https:\/\/api.w.org\/{rel}","templated":true}]}}